{"id":192,"date":"2024-12-16T09:53:19","date_gmt":"2024-12-16T08:53:19","guid":{"rendered":"https:\/\/eixsalelles.com\/?page_id=192"},"modified":"2024-12-17T09:38:30","modified_gmt":"2024-12-17T08:38:30","slug":"diseno","status":"publish","type":"page","link":"https:\/\/eixsalelles.com\/ca\/diseno\/","title":{"rendered":"DISSENY"},"content":{"rendered":"<p>Realitzem tota mena de dissenys industrials, tant en formats 2D com 3D, adaptant-nos a les necessitats espec\u00edfiques de cada projecte. Comptem amb un equip altament qualificat i eines de darrera generaci\u00f3 que ens permeten oferir solucions de disseny precises i d'alta qualitat.<\/p>\n\n\n\n<p>Els nostres equips inform\u00e0tics WORKSTATION estan equipats amb potents programes de disseny, com ara CIMATRON, FIKUS 4X i AUTOCAD, que ens permeten abordar una \u00e0mplia gamma de projectes industrials, des del disseny de peces complexes fins a la creaci\u00f3 de models tridimensionals detallats. Aquestes eines ens ofereixen la capacitat d'optimitzar els processos de disseny i fabricaci\u00f3, garantint resultats eficients i adaptats als requeriments espec\u00edfics de cada client.&nbsp;&nbsp;&nbsp;&nbsp;&nbsp;&nbsp;&nbsp;&nbsp;&nbsp;&nbsp;&nbsp;&nbsp;&nbsp;&nbsp;&nbsp;&nbsp;&nbsp;&nbsp;&nbsp;&nbsp;&nbsp;&nbsp;&nbsp;&nbsp;&nbsp;&nbsp;&nbsp;&nbsp;&nbsp;<\/p>","protected":false},"excerpt":{"rendered":"<p>Realizamos todo tipo de dise\u00f1os industriales, tanto en formatos 2D como 3D, adapt\u00e1ndonos a las necesidades espec\u00edficas de cada proyecto. Contamos con un equipo altamente cualificado y herramientas de \u00faltima generaci\u00f3n que nos permiten ofrecer soluciones de dise\u00f1o precisas y de alta calidad. Nuestros equipos inform\u00e1ticos WORKSTATION est\u00e1n equipados con potentes programas de dise\u00f1o, como [&hellip;]<\/p>\n","protected":false},"author":1,"featured_media":209,"parent":0,"menu_order":0,"comment_status":"closed","ping_status":"closed","template":"","meta":{"footnotes":""},"class_list":["post-192","page","type-page","status-publish","has-post-thumbnail","hentry"],"yoast_head":"<!-- This site is optimized with the Yoast SEO plugin v27.4 - https:\/\/yoast.com\/product\/yoast-seo-wordpress\/ -->\n<title>DISE\u00d1O - Eix Salelles<\/title>\n<meta name=\"robots\" content=\"index, follow, max-snippet:-1, max-image-preview:large, max-video-preview:-1\" \/>\n<link rel=\"canonical\" href=\"https:\/\/eixsalelles.com\/ca\/diseno\/\" \/>\n<meta property=\"og:locale\" content=\"ca_ES\" \/>\n<meta property=\"og:type\" content=\"article\" \/>\n<meta property=\"og:title\" content=\"DISE\u00d1O - Eix Salelles\" \/>\n<meta property=\"og:description\" content=\"Realizamos todo tipo de dise\u00f1os industriales, tanto en formatos 2D como 3D, adapt\u00e1ndonos a las necesidades espec\u00edficas de cada proyecto. Contamos con un equipo altamente cualificado y herramientas de \u00faltima generaci\u00f3n que nos permiten ofrecer soluciones de dise\u00f1o precisas y de alta calidad. Nuestros equipos inform\u00e1ticos WORKSTATION est\u00e1n equipados con potentes programas de dise\u00f1o, como [&hellip;]\" \/>\n<meta property=\"og:url\" content=\"https:\/\/eixsalelles.com\/ca\/diseno\/\" \/>\n<meta property=\"og:site_name\" content=\"Eix Salelles\" \/>\n<meta property=\"article:modified_time\" content=\"2024-12-17T08:38:30+00:00\" \/>\n<meta property=\"og:image\" content=\"https:\/\/eixsalelles.com\/wp-content\/uploads\/2024\/12\/DISENO.jpg\" \/>\n\t<meta property=\"og:image:width\" content=\"626\" \/>\n\t<meta property=\"og:image:height\" content=\"417\" \/>\n\t<meta property=\"og:image:type\" content=\"image\/jpeg\" \/>\n<meta name=\"twitter:card\" content=\"summary_large_image\" \/>\n<meta name=\"twitter:label1\" content=\"Temps estimat de lectura\" \/>\n\t<meta name=\"twitter:data1\" content=\"1 minut\" \/>\n<script type=\"application\/ld+json\" class=\"yoast-schema-graph\">{\"@context\":\"https:\\\/\\\/schema.org\",\"@graph\":[{\"@type\":\"WebPage\",\"@id\":\"https:\\\/\\\/eixsalelles.com\\\/diseno\\\/\",\"url\":\"https:\\\/\\\/eixsalelles.com\\\/diseno\\\/\",\"name\":\"DISE\u00d1O - Eix Salelles\",\"isPartOf\":{\"@id\":\"https:\\\/\\\/eixsalelles.com\\\/#website\"},\"primaryImageOfPage\":{\"@id\":\"https:\\\/\\\/eixsalelles.com\\\/diseno\\\/#primaryimage\"},\"image\":{\"@id\":\"https:\\\/\\\/eixsalelles.com\\\/diseno\\\/#primaryimage\"},\"thumbnailUrl\":\"https:\\\/\\\/eixsalelles.com\\\/wp-content\\\/uploads\\\/2024\\\/12\\\/DISENO.jpg\",\"datePublished\":\"2024-12-16T08:53:19+00:00\",\"dateModified\":\"2024-12-17T08:38:30+00:00\",\"breadcrumb\":{\"@id\":\"https:\\\/\\\/eixsalelles.com\\\/diseno\\\/#breadcrumb\"},\"inLanguage\":\"ca\",\"potentialAction\":[{\"@type\":\"ReadAction\",\"target\":[\"https:\\\/\\\/eixsalelles.com\\\/diseno\\\/\"]}]},{\"@type\":\"ImageObject\",\"inLanguage\":\"ca\",\"@id\":\"https:\\\/\\\/eixsalelles.com\\\/diseno\\\/#primaryimage\",\"url\":\"https:\\\/\\\/eixsalelles.com\\\/wp-content\\\/uploads\\\/2024\\\/12\\\/DISENO.jpg\",\"contentUrl\":\"https:\\\/\\\/eixsalelles.com\\\/wp-content\\\/uploads\\\/2024\\\/12\\\/DISENO.jpg\",\"width\":626,\"height\":417},{\"@type\":\"BreadcrumbList\",\"@id\":\"https:\\\/\\\/eixsalelles.com\\\/diseno\\\/#breadcrumb\",\"itemListElement\":[{\"@type\":\"ListItem\",\"position\":1,\"name\":\"Portada\",\"item\":\"https:\\\/\\\/eixsalelles.com\\\/\"},{\"@type\":\"ListItem\",\"position\":2,\"name\":\"DISE\u00d1O\"}]},{\"@type\":\"WebSite\",\"@id\":\"https:\\\/\\\/eixsalelles.com\\\/#website\",\"url\":\"https:\\\/\\\/eixsalelles.com\\\/\",\"name\":\"Eix Salelles\",\"description\":\"Farreras i Ferran\",\"publisher\":{\"@id\":\"https:\\\/\\\/eixsalelles.com\\\/#organization\"},\"potentialAction\":[{\"@type\":\"SearchAction\",\"target\":{\"@type\":\"EntryPoint\",\"urlTemplate\":\"https:\\\/\\\/eixsalelles.com\\\/?s={search_term_string}\"},\"query-input\":{\"@type\":\"PropertyValueSpecification\",\"valueRequired\":true,\"valueName\":\"search_term_string\"}}],\"inLanguage\":\"ca\"},{\"@type\":\"Organization\",\"@id\":\"https:\\\/\\\/eixsalelles.com\\\/#organization\",\"name\":\"Eix Salelles\",\"url\":\"https:\\\/\\\/eixsalelles.com\\\/\",\"logo\":{\"@type\":\"ImageObject\",\"inLanguage\":\"ca\",\"@id\":\"https:\\\/\\\/eixsalelles.com\\\/#\\\/schema\\\/logo\\\/image\\\/\",\"url\":\"https:\\\/\\\/eixsalelles.com\\\/wp-content\\\/uploads\\\/2024\\\/11\\\/thumbnail.jpg\",\"contentUrl\":\"https:\\\/\\\/eixsalelles.com\\\/wp-content\\\/uploads\\\/2024\\\/11\\\/thumbnail.jpg\",\"width\":90,\"height\":48,\"caption\":\"Eix Salelles\"},\"image\":{\"@id\":\"https:\\\/\\\/eixsalelles.com\\\/#\\\/schema\\\/logo\\\/image\\\/\"}}]}<\/script>\n<!-- \/ Yoast SEO plugin. -->","yoast_head_json":{"title":"DISE\u00d1O - Eix Salelles","robots":{"index":"index","follow":"follow","max-snippet":"max-snippet:-1","max-image-preview":"max-image-preview:large","max-video-preview":"max-video-preview:-1"},"canonical":"https:\/\/eixsalelles.com\/ca\/diseno\/","og_locale":"ca_ES","og_type":"article","og_title":"DISE\u00d1O - Eix Salelles","og_description":"Realizamos todo tipo de dise\u00f1os industriales, tanto en formatos 2D como 3D, adapt\u00e1ndonos a las necesidades espec\u00edficas de cada proyecto. Contamos con un equipo altamente cualificado y herramientas de \u00faltima generaci\u00f3n que nos permiten ofrecer soluciones de dise\u00f1o precisas y de alta calidad. Nuestros equipos inform\u00e1ticos WORKSTATION est\u00e1n equipados con potentes programas de dise\u00f1o, como [&hellip;]","og_url":"https:\/\/eixsalelles.com\/ca\/diseno\/","og_site_name":"Eix Salelles","article_modified_time":"2024-12-17T08:38:30+00:00","og_image":[{"width":626,"height":417,"url":"https:\/\/eixsalelles.com\/wp-content\/uploads\/2024\/12\/DISENO.jpg","type":"image\/jpeg"}],"twitter_card":"summary_large_image","twitter_misc":{"Temps estimat de lectura":"1 minut"},"schema":{"@context":"https:\/\/schema.org","@graph":[{"@type":"WebPage","@id":"https:\/\/eixsalelles.com\/diseno\/","url":"https:\/\/eixsalelles.com\/diseno\/","name":"DISE\u00d1O - Eix Salelles","isPartOf":{"@id":"https:\/\/eixsalelles.com\/#website"},"primaryImageOfPage":{"@id":"https:\/\/eixsalelles.com\/diseno\/#primaryimage"},"image":{"@id":"https:\/\/eixsalelles.com\/diseno\/#primaryimage"},"thumbnailUrl":"https:\/\/eixsalelles.com\/wp-content\/uploads\/2024\/12\/DISENO.jpg","datePublished":"2024-12-16T08:53:19+00:00","dateModified":"2024-12-17T08:38:30+00:00","breadcrumb":{"@id":"https:\/\/eixsalelles.com\/diseno\/#breadcrumb"},"inLanguage":"ca","potentialAction":[{"@type":"ReadAction","target":["https:\/\/eixsalelles.com\/diseno\/"]}]},{"@type":"ImageObject","inLanguage":"ca","@id":"https:\/\/eixsalelles.com\/diseno\/#primaryimage","url":"https:\/\/eixsalelles.com\/wp-content\/uploads\/2024\/12\/DISENO.jpg","contentUrl":"https:\/\/eixsalelles.com\/wp-content\/uploads\/2024\/12\/DISENO.jpg","width":626,"height":417},{"@type":"BreadcrumbList","@id":"https:\/\/eixsalelles.com\/diseno\/#breadcrumb","itemListElement":[{"@type":"ListItem","position":1,"name":"Portada","item":"https:\/\/eixsalelles.com\/"},{"@type":"ListItem","position":2,"name":"DISE\u00d1O"}]},{"@type":"WebSite","@id":"https:\/\/eixsalelles.com\/#website","url":"https:\/\/eixsalelles.com\/","name":"Eix Salelles","description":"Farreras i Ferran","publisher":{"@id":"https:\/\/eixsalelles.com\/#organization"},"potentialAction":[{"@type":"SearchAction","target":{"@type":"EntryPoint","urlTemplate":"https:\/\/eixsalelles.com\/?s={search_term_string}"},"query-input":{"@type":"PropertyValueSpecification","valueRequired":true,"valueName":"search_term_string"}}],"inLanguage":"ca"},{"@type":"Organization","@id":"https:\/\/eixsalelles.com\/#organization","name":"Eix Salelles","url":"https:\/\/eixsalelles.com\/","logo":{"@type":"ImageObject","inLanguage":"ca","@id":"https:\/\/eixsalelles.com\/#\/schema\/logo\/image\/","url":"https:\/\/eixsalelles.com\/wp-content\/uploads\/2024\/11\/thumbnail.jpg","contentUrl":"https:\/\/eixsalelles.com\/wp-content\/uploads\/2024\/11\/thumbnail.jpg","width":90,"height":48,"caption":"Eix Salelles"},"image":{"@id":"https:\/\/eixsalelles.com\/#\/schema\/logo\/image\/"}}]}},"_links":{"self":[{"href":"https:\/\/eixsalelles.com\/ca\/wp-json\/wp\/v2\/pages\/192","targetHints":{"allow":["GET"]}}],"collection":[{"href":"https:\/\/eixsalelles.com\/ca\/wp-json\/wp\/v2\/pages"}],"about":[{"href":"https:\/\/eixsalelles.com\/ca\/wp-json\/wp\/v2\/types\/page"}],"author":[{"embeddable":true,"href":"https:\/\/eixsalelles.com\/ca\/wp-json\/wp\/v2\/users\/1"}],"replies":[{"embeddable":true,"href":"https:\/\/eixsalelles.com\/ca\/wp-json\/wp\/v2\/comments?post=192"}],"version-history":[{"count":3,"href":"https:\/\/eixsalelles.com\/ca\/wp-json\/wp\/v2\/pages\/192\/revisions"}],"predecessor-version":[{"id":262,"href":"https:\/\/eixsalelles.com\/ca\/wp-json\/wp\/v2\/pages\/192\/revisions\/262"}],"wp:featuredmedia":[{"embeddable":true,"href":"https:\/\/eixsalelles.com\/ca\/wp-json\/wp\/v2\/media\/209"}],"wp:attachment":[{"href":"https:\/\/eixsalelles.com\/ca\/wp-json\/wp\/v2\/media?parent=192"}],"curies":[{"name":"wp","href":"https:\/\/api.w.org\/{rel}","templated":true}]}}