{"id":194,"date":"2024-12-16T09:53:58","date_gmt":"2024-12-16T08:53:58","guid":{"rendered":"https:\/\/eixsalelles.com\/?page_id=194"},"modified":"2024-12-18T10:19:12","modified_gmt":"2024-12-18T09:19:12","slug":"matrices","status":"publish","type":"page","link":"https:\/\/eixsalelles.com\/ca\/matrices\/","title":{"rendered":"MATRIUS"},"content":{"rendered":"<p>Ens destaquem com a especialistes en la fabricaci\u00f3, reparaci\u00f3 i manteniment de tota classe de matrius, oferint solucions integrals i personalitzades per a cada necessitat.<\/p>\n\n\n\n<p>El m\u00f3n de la matriceria \u00e9s un \u00e0mbit t\u00e8cnic ampli i complex, i el nostre equip compta amb una \u00e0mplia experi\u00e8ncia en el disseny i la producci\u00f3 de matrius d'alta qualitat, adaptades als requeriments espec\u00edfics de cada client.<\/p>\n\n\n\n<p>A m\u00e9s, proporcionem un servei complet de reparaci\u00f3 i manteniment de matrius existents. Per garantir resultats \u00f2ptims, utilitzem enginyeria inversa en els casos que sigui necessari. El nostre comprom\u00eds \u00e9s oferir solucions que assegurin la m\u00e0xima funcionalitat i durabilitat de les seves matrius.\u00a0\u00a0\u00a0\u00a0\u00a0\u00a0\u00a0\u00a0\u00a0\u00a0\u00a0\u00a0\u00a0\u00a0\u00a0\u00a0<\/p>\n\n\n\n<p>Projectes realitzats:<\/p>\n\n\n\n<p>Les matrius progressives habitualment es realitzen per fabricar un gran nombre de peces, realitzant diversos conformats de xapa en nom\u00e9s un cop de premsa d'aquesta manera s'eliminen fases de producci\u00f3 i redueixen temps de fabricaci\u00f3.&nbsp;<\/p>\n\n\n\n<p>Les matrius de rebarbar com el seu nom indica la funci\u00f3 principal \u00e9s eliminar la rebarba del contorn d'una pe\u00e7a. Molt utilitzades en peces de fosa.<\/p>\n\n\n\n<p>Les matrius d'embotici\u00f3 fan un conformat de xapa\/l\u00e0mina.<\/p>\n\n\n\n<p><\/p>","protected":false},"excerpt":{"rendered":"<p>Nos destacamos como especialistas en la fabricaci\u00f3n, reparaci\u00f3n y mantenimiento de toda clase de matrices, ofreciendo soluciones integrales y personalizadas para cada necesidad. El mundo de la matricer\u00eda es un \u00e1mbito t\u00e9cnico amplio y complejo, y nuestro equipo cuenta con una amplia experiencia en el dise\u00f1o y producci\u00f3n de matrices de alta calidad, adaptadas a [&hellip;]<\/p>\n","protected":false},"author":1,"featured_media":0,"parent":0,"menu_order":0,"comment_status":"closed","ping_status":"closed","template":"","meta":{"footnotes":""},"class_list":["post-194","page","type-page","status-publish","hentry"],"yoast_head":"<!-- This site is optimized with the Yoast SEO plugin v27.4 - https:\/\/yoast.com\/product\/yoast-seo-wordpress\/ -->\n<title>MATRICES - Eix Salelles<\/title>\n<meta name=\"robots\" content=\"index, follow, max-snippet:-1, max-image-preview:large, max-video-preview:-1\" \/>\n<link rel=\"canonical\" href=\"https:\/\/eixsalelles.com\/ca\/matrices\/\" \/>\n<meta property=\"og:locale\" content=\"ca_ES\" \/>\n<meta property=\"og:type\" content=\"article\" \/>\n<meta property=\"og:title\" content=\"MATRICES - Eix Salelles\" \/>\n<meta property=\"og:description\" content=\"Nos destacamos como especialistas en la fabricaci\u00f3n, reparaci\u00f3n y mantenimiento de toda clase de matrices, ofreciendo soluciones integrales y personalizadas para cada necesidad. El mundo de la matricer\u00eda es un \u00e1mbito t\u00e9cnico amplio y complejo, y nuestro equipo cuenta con una amplia experiencia en el dise\u00f1o y producci\u00f3n de matrices de alta calidad, adaptadas a [&hellip;]\" \/>\n<meta property=\"og:url\" content=\"https:\/\/eixsalelles.com\/ca\/matrices\/\" \/>\n<meta property=\"og:site_name\" content=\"Eix Salelles\" \/>\n<meta property=\"article:modified_time\" content=\"2024-12-18T09:19:12+00:00\" \/>\n<meta name=\"twitter:card\" content=\"summary_large_image\" \/>\n<meta name=\"twitter:label1\" content=\"Temps estimat de lectura\" \/>\n\t<meta name=\"twitter:data1\" content=\"1 minut\" \/>\n<script type=\"application\/ld+json\" class=\"yoast-schema-graph\">{\"@context\":\"https:\\\/\\\/schema.org\",\"@graph\":[{\"@type\":\"WebPage\",\"@id\":\"https:\\\/\\\/eixsalelles.com\\\/matrices\\\/\",\"url\":\"https:\\\/\\\/eixsalelles.com\\\/matrices\\\/\",\"name\":\"MATRICES - Eix Salelles\",\"isPartOf\":{\"@id\":\"https:\\\/\\\/eixsalelles.com\\\/#website\"},\"datePublished\":\"2024-12-16T08:53:58+00:00\",\"dateModified\":\"2024-12-18T09:19:12+00:00\",\"breadcrumb\":{\"@id\":\"https:\\\/\\\/eixsalelles.com\\\/matrices\\\/#breadcrumb\"},\"inLanguage\":\"ca\",\"potentialAction\":[{\"@type\":\"ReadAction\",\"target\":[\"https:\\\/\\\/eixsalelles.com\\\/matrices\\\/\"]}]},{\"@type\":\"BreadcrumbList\",\"@id\":\"https:\\\/\\\/eixsalelles.com\\\/matrices\\\/#breadcrumb\",\"itemListElement\":[{\"@type\":\"ListItem\",\"position\":1,\"name\":\"Portada\",\"item\":\"https:\\\/\\\/eixsalelles.com\\\/\"},{\"@type\":\"ListItem\",\"position\":2,\"name\":\"MATRICES\"}]},{\"@type\":\"WebSite\",\"@id\":\"https:\\\/\\\/eixsalelles.com\\\/#website\",\"url\":\"https:\\\/\\\/eixsalelles.com\\\/\",\"name\":\"Eix Salelles\",\"description\":\"Farreras i Ferran\",\"publisher\":{\"@id\":\"https:\\\/\\\/eixsalelles.com\\\/#organization\"},\"potentialAction\":[{\"@type\":\"SearchAction\",\"target\":{\"@type\":\"EntryPoint\",\"urlTemplate\":\"https:\\\/\\\/eixsalelles.com\\\/?s={search_term_string}\"},\"query-input\":{\"@type\":\"PropertyValueSpecification\",\"valueRequired\":true,\"valueName\":\"search_term_string\"}}],\"inLanguage\":\"ca\"},{\"@type\":\"Organization\",\"@id\":\"https:\\\/\\\/eixsalelles.com\\\/#organization\",\"name\":\"Eix Salelles\",\"url\":\"https:\\\/\\\/eixsalelles.com\\\/\",\"logo\":{\"@type\":\"ImageObject\",\"inLanguage\":\"ca\",\"@id\":\"https:\\\/\\\/eixsalelles.com\\\/#\\\/schema\\\/logo\\\/image\\\/\",\"url\":\"https:\\\/\\\/eixsalelles.com\\\/wp-content\\\/uploads\\\/2024\\\/11\\\/thumbnail.jpg\",\"contentUrl\":\"https:\\\/\\\/eixsalelles.com\\\/wp-content\\\/uploads\\\/2024\\\/11\\\/thumbnail.jpg\",\"width\":90,\"height\":48,\"caption\":\"Eix Salelles\"},\"image\":{\"@id\":\"https:\\\/\\\/eixsalelles.com\\\/#\\\/schema\\\/logo\\\/image\\\/\"}}]}<\/script>\n<!-- \/ Yoast SEO plugin. -->","yoast_head_json":{"title":"MATRICES - Eix Salelles","robots":{"index":"index","follow":"follow","max-snippet":"max-snippet:-1","max-image-preview":"max-image-preview:large","max-video-preview":"max-video-preview:-1"},"canonical":"https:\/\/eixsalelles.com\/ca\/matrices\/","og_locale":"ca_ES","og_type":"article","og_title":"MATRICES - Eix Salelles","og_description":"Nos destacamos como especialistas en la fabricaci\u00f3n, reparaci\u00f3n y mantenimiento de toda clase de matrices, ofreciendo soluciones integrales y personalizadas para cada necesidad. El mundo de la matricer\u00eda es un \u00e1mbito t\u00e9cnico amplio y complejo, y nuestro equipo cuenta con una amplia experiencia en el dise\u00f1o y producci\u00f3n de matrices de alta calidad, adaptadas a [&hellip;]","og_url":"https:\/\/eixsalelles.com\/ca\/matrices\/","og_site_name":"Eix Salelles","article_modified_time":"2024-12-18T09:19:12+00:00","twitter_card":"summary_large_image","twitter_misc":{"Temps estimat de lectura":"1 minut"},"schema":{"@context":"https:\/\/schema.org","@graph":[{"@type":"WebPage","@id":"https:\/\/eixsalelles.com\/matrices\/","url":"https:\/\/eixsalelles.com\/matrices\/","name":"MATRICES - Eix Salelles","isPartOf":{"@id":"https:\/\/eixsalelles.com\/#website"},"datePublished":"2024-12-16T08:53:58+00:00","dateModified":"2024-12-18T09:19:12+00:00","breadcrumb":{"@id":"https:\/\/eixsalelles.com\/matrices\/#breadcrumb"},"inLanguage":"ca","potentialAction":[{"@type":"ReadAction","target":["https:\/\/eixsalelles.com\/matrices\/"]}]},{"@type":"BreadcrumbList","@id":"https:\/\/eixsalelles.com\/matrices\/#breadcrumb","itemListElement":[{"@type":"ListItem","position":1,"name":"Portada","item":"https:\/\/eixsalelles.com\/"},{"@type":"ListItem","position":2,"name":"MATRICES"}]},{"@type":"WebSite","@id":"https:\/\/eixsalelles.com\/#website","url":"https:\/\/eixsalelles.com\/","name":"Eix Salelles","description":"Farreras i Ferran","publisher":{"@id":"https:\/\/eixsalelles.com\/#organization"},"potentialAction":[{"@type":"SearchAction","target":{"@type":"EntryPoint","urlTemplate":"https:\/\/eixsalelles.com\/?s={search_term_string}"},"query-input":{"@type":"PropertyValueSpecification","valueRequired":true,"valueName":"search_term_string"}}],"inLanguage":"ca"},{"@type":"Organization","@id":"https:\/\/eixsalelles.com\/#organization","name":"Eix Salelles","url":"https:\/\/eixsalelles.com\/","logo":{"@type":"ImageObject","inLanguage":"ca","@id":"https:\/\/eixsalelles.com\/#\/schema\/logo\/image\/","url":"https:\/\/eixsalelles.com\/wp-content\/uploads\/2024\/11\/thumbnail.jpg","contentUrl":"https:\/\/eixsalelles.com\/wp-content\/uploads\/2024\/11\/thumbnail.jpg","width":90,"height":48,"caption":"Eix Salelles"},"image":{"@id":"https:\/\/eixsalelles.com\/#\/schema\/logo\/image\/"}}]}},"_links":{"self":[{"href":"https:\/\/eixsalelles.com\/ca\/wp-json\/wp\/v2\/pages\/194","targetHints":{"allow":["GET"]}}],"collection":[{"href":"https:\/\/eixsalelles.com\/ca\/wp-json\/wp\/v2\/pages"}],"about":[{"href":"https:\/\/eixsalelles.com\/ca\/wp-json\/wp\/v2\/types\/page"}],"author":[{"embeddable":true,"href":"https:\/\/eixsalelles.com\/ca\/wp-json\/wp\/v2\/users\/1"}],"replies":[{"embeddable":true,"href":"https:\/\/eixsalelles.com\/ca\/wp-json\/wp\/v2\/comments?post=194"}],"version-history":[{"count":5,"href":"https:\/\/eixsalelles.com\/ca\/wp-json\/wp\/v2\/pages\/194\/revisions"}],"predecessor-version":[{"id":274,"href":"https:\/\/eixsalelles.com\/ca\/wp-json\/wp\/v2\/pages\/194\/revisions\/274"}],"wp:attachment":[{"href":"https:\/\/eixsalelles.com\/ca\/wp-json\/wp\/v2\/media?parent=194"}],"curies":[{"name":"wp","href":"https:\/\/api.w.org\/{rel}","templated":true}]}}