{"id":196,"date":"2024-12-16T09:54:20","date_gmt":"2024-12-16T08:54:20","guid":{"rendered":"https:\/\/eixsalelles.com\/?page_id=196"},"modified":"2024-12-17T09:39:18","modified_gmt":"2024-12-17T08:39:18","slug":"moldes","status":"publish","type":"page","link":"https:\/\/eixsalelles.com\/ca\/moldes\/","title":{"rendered":"MOTLLES"},"content":{"rendered":"<p>Som especialistes en la fabricaci\u00f3 de motlles senzills per a pl\u00e0stic i alumini, dissenyats espec\u00edficament per satisfer les necessitats del sector industrial. El nostre comprom\u00eds amb la qualitat i la precisi\u00f3 ens permet oferir solucions efectives que optimitzen els processos de producci\u00f3 dels nostres clients.<br><br>A m\u00e9s de la fabricaci\u00f3, tamb\u00e9 oferim serveis de reparaci\u00f3 i manteniment de tot tipus de motlles. Sabem com \u00e9s d'important per a la seva producci\u00f3 comptar amb motlles en perfecte estat, per la qual cosa el nostre equip d'experts s'encarrega de garantir que cada motlle funcioni de manera \u00f2ptima, perllongant la seva vida \u00fatil i millorant-ne el rendiment.<\/p>","protected":false},"excerpt":{"rendered":"<p>Somos especialistas en la fabricaci\u00f3n de moldes sencillos para pl\u00e1stico y aluminio, dise\u00f1ados espec\u00edficamente para satisfacer las necesidades del sector industrial. Nuestro compromiso con la calidad y la precisi\u00f3n nos permite ofrecer soluciones efectivas que optimizan los procesos de producci\u00f3n de nuestros clientes. Adem\u00e1s de la fabricaci\u00f3n, tambi\u00e9n ofrecemos servicios de reparaci\u00f3n y mantenimiento de [&hellip;]<\/p>\n","protected":false},"author":1,"featured_media":0,"parent":0,"menu_order":0,"comment_status":"closed","ping_status":"closed","template":"","meta":{"footnotes":""},"class_list":["post-196","page","type-page","status-publish","hentry"],"yoast_head":"<!-- This site is optimized with the Yoast SEO plugin v27.4 - https:\/\/yoast.com\/product\/yoast-seo-wordpress\/ -->\n<title>MOLDES - Eix Salelles<\/title>\n<meta name=\"robots\" content=\"index, follow, max-snippet:-1, max-image-preview:large, max-video-preview:-1\" \/>\n<link rel=\"canonical\" href=\"https:\/\/eixsalelles.com\/ca\/moldes\/\" \/>\n<meta property=\"og:locale\" content=\"ca_ES\" \/>\n<meta property=\"og:type\" content=\"article\" \/>\n<meta property=\"og:title\" content=\"MOLDES - Eix Salelles\" \/>\n<meta property=\"og:description\" content=\"Somos especialistas en la fabricaci\u00f3n de moldes sencillos para pl\u00e1stico y aluminio, dise\u00f1ados espec\u00edficamente para satisfacer las necesidades del sector industrial. Nuestro compromiso con la calidad y la precisi\u00f3n nos permite ofrecer soluciones efectivas que optimizan los procesos de producci\u00f3n de nuestros clientes. Adem\u00e1s de la fabricaci\u00f3n, tambi\u00e9n ofrecemos servicios de reparaci\u00f3n y mantenimiento de [&hellip;]\" \/>\n<meta property=\"og:url\" content=\"https:\/\/eixsalelles.com\/ca\/moldes\/\" \/>\n<meta property=\"og:site_name\" content=\"Eix Salelles\" \/>\n<meta property=\"article:modified_time\" content=\"2024-12-17T08:39:18+00:00\" \/>\n<meta name=\"twitter:card\" content=\"summary_large_image\" \/>\n<meta name=\"twitter:label1\" content=\"Temps estimat de lectura\" \/>\n\t<meta name=\"twitter:data1\" content=\"1 minut\" \/>\n<script type=\"application\/ld+json\" class=\"yoast-schema-graph\">{\"@context\":\"https:\\\/\\\/schema.org\",\"@graph\":[{\"@type\":\"WebPage\",\"@id\":\"https:\\\/\\\/eixsalelles.com\\\/moldes\\\/\",\"url\":\"https:\\\/\\\/eixsalelles.com\\\/moldes\\\/\",\"name\":\"MOLDES - Eix Salelles\",\"isPartOf\":{\"@id\":\"https:\\\/\\\/eixsalelles.com\\\/#website\"},\"datePublished\":\"2024-12-16T08:54:20+00:00\",\"dateModified\":\"2024-12-17T08:39:18+00:00\",\"breadcrumb\":{\"@id\":\"https:\\\/\\\/eixsalelles.com\\\/moldes\\\/#breadcrumb\"},\"inLanguage\":\"ca\",\"potentialAction\":[{\"@type\":\"ReadAction\",\"target\":[\"https:\\\/\\\/eixsalelles.com\\\/moldes\\\/\"]}]},{\"@type\":\"BreadcrumbList\",\"@id\":\"https:\\\/\\\/eixsalelles.com\\\/moldes\\\/#breadcrumb\",\"itemListElement\":[{\"@type\":\"ListItem\",\"position\":1,\"name\":\"Portada\",\"item\":\"https:\\\/\\\/eixsalelles.com\\\/\"},{\"@type\":\"ListItem\",\"position\":2,\"name\":\"MOLDES\"}]},{\"@type\":\"WebSite\",\"@id\":\"https:\\\/\\\/eixsalelles.com\\\/#website\",\"url\":\"https:\\\/\\\/eixsalelles.com\\\/\",\"name\":\"Eix Salelles\",\"description\":\"Farreras i Ferran\",\"publisher\":{\"@id\":\"https:\\\/\\\/eixsalelles.com\\\/#organization\"},\"potentialAction\":[{\"@type\":\"SearchAction\",\"target\":{\"@type\":\"EntryPoint\",\"urlTemplate\":\"https:\\\/\\\/eixsalelles.com\\\/?s={search_term_string}\"},\"query-input\":{\"@type\":\"PropertyValueSpecification\",\"valueRequired\":true,\"valueName\":\"search_term_string\"}}],\"inLanguage\":\"ca\"},{\"@type\":\"Organization\",\"@id\":\"https:\\\/\\\/eixsalelles.com\\\/#organization\",\"name\":\"Eix Salelles\",\"url\":\"https:\\\/\\\/eixsalelles.com\\\/\",\"logo\":{\"@type\":\"ImageObject\",\"inLanguage\":\"ca\",\"@id\":\"https:\\\/\\\/eixsalelles.com\\\/#\\\/schema\\\/logo\\\/image\\\/\",\"url\":\"https:\\\/\\\/eixsalelles.com\\\/wp-content\\\/uploads\\\/2024\\\/11\\\/thumbnail.jpg\",\"contentUrl\":\"https:\\\/\\\/eixsalelles.com\\\/wp-content\\\/uploads\\\/2024\\\/11\\\/thumbnail.jpg\",\"width\":90,\"height\":48,\"caption\":\"Eix Salelles\"},\"image\":{\"@id\":\"https:\\\/\\\/eixsalelles.com\\\/#\\\/schema\\\/logo\\\/image\\\/\"}}]}<\/script>\n<!-- \/ Yoast SEO plugin. -->","yoast_head_json":{"title":"MOLDES - Eix Salelles","robots":{"index":"index","follow":"follow","max-snippet":"max-snippet:-1","max-image-preview":"max-image-preview:large","max-video-preview":"max-video-preview:-1"},"canonical":"https:\/\/eixsalelles.com\/ca\/moldes\/","og_locale":"ca_ES","og_type":"article","og_title":"MOLDES - Eix Salelles","og_description":"Somos especialistas en la fabricaci\u00f3n de moldes sencillos para pl\u00e1stico y aluminio, dise\u00f1ados espec\u00edficamente para satisfacer las necesidades del sector industrial. Nuestro compromiso con la calidad y la precisi\u00f3n nos permite ofrecer soluciones efectivas que optimizan los procesos de producci\u00f3n de nuestros clientes. Adem\u00e1s de la fabricaci\u00f3n, tambi\u00e9n ofrecemos servicios de reparaci\u00f3n y mantenimiento de [&hellip;]","og_url":"https:\/\/eixsalelles.com\/ca\/moldes\/","og_site_name":"Eix Salelles","article_modified_time":"2024-12-17T08:39:18+00:00","twitter_card":"summary_large_image","twitter_misc":{"Temps estimat de lectura":"1 minut"},"schema":{"@context":"https:\/\/schema.org","@graph":[{"@type":"WebPage","@id":"https:\/\/eixsalelles.com\/moldes\/","url":"https:\/\/eixsalelles.com\/moldes\/","name":"MOLDES - Eix Salelles","isPartOf":{"@id":"https:\/\/eixsalelles.com\/#website"},"datePublished":"2024-12-16T08:54:20+00:00","dateModified":"2024-12-17T08:39:18+00:00","breadcrumb":{"@id":"https:\/\/eixsalelles.com\/moldes\/#breadcrumb"},"inLanguage":"ca","potentialAction":[{"@type":"ReadAction","target":["https:\/\/eixsalelles.com\/moldes\/"]}]},{"@type":"BreadcrumbList","@id":"https:\/\/eixsalelles.com\/moldes\/#breadcrumb","itemListElement":[{"@type":"ListItem","position":1,"name":"Portada","item":"https:\/\/eixsalelles.com\/"},{"@type":"ListItem","position":2,"name":"MOLDES"}]},{"@type":"WebSite","@id":"https:\/\/eixsalelles.com\/#website","url":"https:\/\/eixsalelles.com\/","name":"Eix Salelles","description":"Farreras i Ferran","publisher":{"@id":"https:\/\/eixsalelles.com\/#organization"},"potentialAction":[{"@type":"SearchAction","target":{"@type":"EntryPoint","urlTemplate":"https:\/\/eixsalelles.com\/?s={search_term_string}"},"query-input":{"@type":"PropertyValueSpecification","valueRequired":true,"valueName":"search_term_string"}}],"inLanguage":"ca"},{"@type":"Organization","@id":"https:\/\/eixsalelles.com\/#organization","name":"Eix Salelles","url":"https:\/\/eixsalelles.com\/","logo":{"@type":"ImageObject","inLanguage":"ca","@id":"https:\/\/eixsalelles.com\/#\/schema\/logo\/image\/","url":"https:\/\/eixsalelles.com\/wp-content\/uploads\/2024\/11\/thumbnail.jpg","contentUrl":"https:\/\/eixsalelles.com\/wp-content\/uploads\/2024\/11\/thumbnail.jpg","width":90,"height":48,"caption":"Eix Salelles"},"image":{"@id":"https:\/\/eixsalelles.com\/#\/schema\/logo\/image\/"}}]}},"_links":{"self":[{"href":"https:\/\/eixsalelles.com\/ca\/wp-json\/wp\/v2\/pages\/196","targetHints":{"allow":["GET"]}}],"collection":[{"href":"https:\/\/eixsalelles.com\/ca\/wp-json\/wp\/v2\/pages"}],"about":[{"href":"https:\/\/eixsalelles.com\/ca\/wp-json\/wp\/v2\/types\/page"}],"author":[{"embeddable":true,"href":"https:\/\/eixsalelles.com\/ca\/wp-json\/wp\/v2\/users\/1"}],"replies":[{"embeddable":true,"href":"https:\/\/eixsalelles.com\/ca\/wp-json\/wp\/v2\/comments?post=196"}],"version-history":[{"count":3,"href":"https:\/\/eixsalelles.com\/ca\/wp-json\/wp\/v2\/pages\/196\/revisions"}],"predecessor-version":[{"id":264,"href":"https:\/\/eixsalelles.com\/ca\/wp-json\/wp\/v2\/pages\/196\/revisions\/264"}],"wp:attachment":[{"href":"https:\/\/eixsalelles.com\/ca\/wp-json\/wp\/v2\/media?parent=196"}],"curies":[{"name":"wp","href":"https:\/\/api.w.org\/{rel}","templated":true}]}}