{"id":198,"date":"2024-12-16T09:54:38","date_gmt":"2024-12-16T08:54:38","guid":{"rendered":"https:\/\/eixsalelles.com\/?page_id=198"},"modified":"2024-12-17T09:39:59","modified_gmt":"2024-12-17T08:39:59","slug":"calibres","status":"publish","type":"page","link":"https:\/\/eixsalelles.com\/ca\/calibres\/","title":{"rendered":"CALIBRES"},"content":{"rendered":"<p>Fabriquem tot tipus de calibres, instruments essencials de precisi\u00f3 dissenyats per realitzar mesuraments exactes en una \u00e0mplia varietat d'aplicacions.<\/p>\n\n\n\n<p>Aquests dispositius s\u00f3n fonamentals per mesurar longituds amb gran exactitud, incloent di\u00e0metres, gruixos, profunditats i formes complexes. El nostre comprom\u00eds \u00e9s garantir que cada calibre que produ\u00efm compleixi els m\u00e9s alts est\u00e0ndards de qualitat, oferint eines fiables i duradores per satisfer les necessitats dels nostres clients.<\/p>","protected":false},"excerpt":{"rendered":"<p>Fabricamos todo tipo de calibres, instrumentos esenciales de precisi\u00f3n dise\u00f1ados para realizar mediciones exactas en una amplia variedad de aplicaciones. Estos dispositivos son fundamentales para medir longitudes con gran exactitud, incluyendo di\u00e1metros, espesores, profundidades y formas complejas. Nuestro compromiso es garantizar que cada calibre que producimos cumpla con los m\u00e1s altos est\u00e1ndares de calidad, ofreciendo [&hellip;]<\/p>\n","protected":false},"author":1,"featured_media":0,"parent":0,"menu_order":0,"comment_status":"closed","ping_status":"closed","template":"","meta":{"footnotes":""},"class_list":["post-198","page","type-page","status-publish","hentry"],"yoast_head":"<!-- This site is optimized with the Yoast SEO plugin v27.4 - https:\/\/yoast.com\/product\/yoast-seo-wordpress\/ -->\n<title>CALIBRES - Eix Salelles<\/title>\n<meta name=\"robots\" content=\"index, follow, max-snippet:-1, max-image-preview:large, max-video-preview:-1\" \/>\n<link rel=\"canonical\" href=\"https:\/\/eixsalelles.com\/ca\/calibres\/\" \/>\n<meta property=\"og:locale\" content=\"ca_ES\" \/>\n<meta property=\"og:type\" content=\"article\" \/>\n<meta property=\"og:title\" content=\"CALIBRES - Eix Salelles\" \/>\n<meta property=\"og:description\" content=\"Fabricamos todo tipo de calibres, instrumentos esenciales de precisi\u00f3n dise\u00f1ados para realizar mediciones exactas en una amplia variedad de aplicaciones. Estos dispositivos son fundamentales para medir longitudes con gran exactitud, incluyendo di\u00e1metros, espesores, profundidades y formas complejas. Nuestro compromiso es garantizar que cada calibre que producimos cumpla con los m\u00e1s altos est\u00e1ndares de calidad, ofreciendo [&hellip;]\" \/>\n<meta property=\"og:url\" content=\"https:\/\/eixsalelles.com\/ca\/calibres\/\" \/>\n<meta property=\"og:site_name\" content=\"Eix Salelles\" \/>\n<meta property=\"article:modified_time\" content=\"2024-12-17T08:39:59+00:00\" \/>\n<meta name=\"twitter:card\" content=\"summary_large_image\" \/>\n<meta name=\"twitter:label1\" content=\"Temps estimat de lectura\" \/>\n\t<meta name=\"twitter:data1\" content=\"1 minut\" \/>\n<script type=\"application\/ld+json\" class=\"yoast-schema-graph\">{\"@context\":\"https:\\\/\\\/schema.org\",\"@graph\":[{\"@type\":\"WebPage\",\"@id\":\"https:\\\/\\\/eixsalelles.com\\\/calibres\\\/\",\"url\":\"https:\\\/\\\/eixsalelles.com\\\/calibres\\\/\",\"name\":\"CALIBRES - Eix Salelles\",\"isPartOf\":{\"@id\":\"https:\\\/\\\/eixsalelles.com\\\/#website\"},\"datePublished\":\"2024-12-16T08:54:38+00:00\",\"dateModified\":\"2024-12-17T08:39:59+00:00\",\"breadcrumb\":{\"@id\":\"https:\\\/\\\/eixsalelles.com\\\/calibres\\\/#breadcrumb\"},\"inLanguage\":\"ca\",\"potentialAction\":[{\"@type\":\"ReadAction\",\"target\":[\"https:\\\/\\\/eixsalelles.com\\\/calibres\\\/\"]}]},{\"@type\":\"BreadcrumbList\",\"@id\":\"https:\\\/\\\/eixsalelles.com\\\/calibres\\\/#breadcrumb\",\"itemListElement\":[{\"@type\":\"ListItem\",\"position\":1,\"name\":\"Portada\",\"item\":\"https:\\\/\\\/eixsalelles.com\\\/\"},{\"@type\":\"ListItem\",\"position\":2,\"name\":\"CALIBRES\"}]},{\"@type\":\"WebSite\",\"@id\":\"https:\\\/\\\/eixsalelles.com\\\/#website\",\"url\":\"https:\\\/\\\/eixsalelles.com\\\/\",\"name\":\"Eix Salelles\",\"description\":\"Farreras i Ferran\",\"publisher\":{\"@id\":\"https:\\\/\\\/eixsalelles.com\\\/#organization\"},\"potentialAction\":[{\"@type\":\"SearchAction\",\"target\":{\"@type\":\"EntryPoint\",\"urlTemplate\":\"https:\\\/\\\/eixsalelles.com\\\/?s={search_term_string}\"},\"query-input\":{\"@type\":\"PropertyValueSpecification\",\"valueRequired\":true,\"valueName\":\"search_term_string\"}}],\"inLanguage\":\"ca\"},{\"@type\":\"Organization\",\"@id\":\"https:\\\/\\\/eixsalelles.com\\\/#organization\",\"name\":\"Eix Salelles\",\"url\":\"https:\\\/\\\/eixsalelles.com\\\/\",\"logo\":{\"@type\":\"ImageObject\",\"inLanguage\":\"ca\",\"@id\":\"https:\\\/\\\/eixsalelles.com\\\/#\\\/schema\\\/logo\\\/image\\\/\",\"url\":\"https:\\\/\\\/eixsalelles.com\\\/wp-content\\\/uploads\\\/2024\\\/11\\\/thumbnail.jpg\",\"contentUrl\":\"https:\\\/\\\/eixsalelles.com\\\/wp-content\\\/uploads\\\/2024\\\/11\\\/thumbnail.jpg\",\"width\":90,\"height\":48,\"caption\":\"Eix Salelles\"},\"image\":{\"@id\":\"https:\\\/\\\/eixsalelles.com\\\/#\\\/schema\\\/logo\\\/image\\\/\"}}]}<\/script>\n<!-- \/ Yoast SEO plugin. -->","yoast_head_json":{"title":"CALIBRES - Eix Salelles","robots":{"index":"index","follow":"follow","max-snippet":"max-snippet:-1","max-image-preview":"max-image-preview:large","max-video-preview":"max-video-preview:-1"},"canonical":"https:\/\/eixsalelles.com\/ca\/calibres\/","og_locale":"ca_ES","og_type":"article","og_title":"CALIBRES - Eix Salelles","og_description":"Fabricamos todo tipo de calibres, instrumentos esenciales de precisi\u00f3n dise\u00f1ados para realizar mediciones exactas en una amplia variedad de aplicaciones. Estos dispositivos son fundamentales para medir longitudes con gran exactitud, incluyendo di\u00e1metros, espesores, profundidades y formas complejas. Nuestro compromiso es garantizar que cada calibre que producimos cumpla con los m\u00e1s altos est\u00e1ndares de calidad, ofreciendo [&hellip;]","og_url":"https:\/\/eixsalelles.com\/ca\/calibres\/","og_site_name":"Eix Salelles","article_modified_time":"2024-12-17T08:39:59+00:00","twitter_card":"summary_large_image","twitter_misc":{"Temps estimat de lectura":"1 minut"},"schema":{"@context":"https:\/\/schema.org","@graph":[{"@type":"WebPage","@id":"https:\/\/eixsalelles.com\/calibres\/","url":"https:\/\/eixsalelles.com\/calibres\/","name":"CALIBRES - Eix Salelles","isPartOf":{"@id":"https:\/\/eixsalelles.com\/#website"},"datePublished":"2024-12-16T08:54:38+00:00","dateModified":"2024-12-17T08:39:59+00:00","breadcrumb":{"@id":"https:\/\/eixsalelles.com\/calibres\/#breadcrumb"},"inLanguage":"ca","potentialAction":[{"@type":"ReadAction","target":["https:\/\/eixsalelles.com\/calibres\/"]}]},{"@type":"BreadcrumbList","@id":"https:\/\/eixsalelles.com\/calibres\/#breadcrumb","itemListElement":[{"@type":"ListItem","position":1,"name":"Portada","item":"https:\/\/eixsalelles.com\/"},{"@type":"ListItem","position":2,"name":"CALIBRES"}]},{"@type":"WebSite","@id":"https:\/\/eixsalelles.com\/#website","url":"https:\/\/eixsalelles.com\/","name":"Eix Salelles","description":"Farreras i Ferran","publisher":{"@id":"https:\/\/eixsalelles.com\/#organization"},"potentialAction":[{"@type":"SearchAction","target":{"@type":"EntryPoint","urlTemplate":"https:\/\/eixsalelles.com\/?s={search_term_string}"},"query-input":{"@type":"PropertyValueSpecification","valueRequired":true,"valueName":"search_term_string"}}],"inLanguage":"ca"},{"@type":"Organization","@id":"https:\/\/eixsalelles.com\/#organization","name":"Eix Salelles","url":"https:\/\/eixsalelles.com\/","logo":{"@type":"ImageObject","inLanguage":"ca","@id":"https:\/\/eixsalelles.com\/#\/schema\/logo\/image\/","url":"https:\/\/eixsalelles.com\/wp-content\/uploads\/2024\/11\/thumbnail.jpg","contentUrl":"https:\/\/eixsalelles.com\/wp-content\/uploads\/2024\/11\/thumbnail.jpg","width":90,"height":48,"caption":"Eix Salelles"},"image":{"@id":"https:\/\/eixsalelles.com\/#\/schema\/logo\/image\/"}}]}},"_links":{"self":[{"href":"https:\/\/eixsalelles.com\/ca\/wp-json\/wp\/v2\/pages\/198","targetHints":{"allow":["GET"]}}],"collection":[{"href":"https:\/\/eixsalelles.com\/ca\/wp-json\/wp\/v2\/pages"}],"about":[{"href":"https:\/\/eixsalelles.com\/ca\/wp-json\/wp\/v2\/types\/page"}],"author":[{"embeddable":true,"href":"https:\/\/eixsalelles.com\/ca\/wp-json\/wp\/v2\/users\/1"}],"replies":[{"embeddable":true,"href":"https:\/\/eixsalelles.com\/ca\/wp-json\/wp\/v2\/comments?post=198"}],"version-history":[{"count":3,"href":"https:\/\/eixsalelles.com\/ca\/wp-json\/wp\/v2\/pages\/198\/revisions"}],"predecessor-version":[{"id":266,"href":"https:\/\/eixsalelles.com\/ca\/wp-json\/wp\/v2\/pages\/198\/revisions\/266"}],"wp:attachment":[{"href":"https:\/\/eixsalelles.com\/ca\/wp-json\/wp\/v2\/media?parent=198"}],"curies":[{"name":"wp","href":"https:\/\/api.w.org\/{rel}","templated":true}]}}