{"id":200,"date":"2024-12-16T09:55:14","date_gmt":"2024-12-16T08:55:14","guid":{"rendered":"https:\/\/eixsalelles.com\/?page_id=200"},"modified":"2024-12-18T10:16:49","modified_gmt":"2024-12-18T09:16:49","slug":"utillajes","status":"publish","type":"page","link":"https:\/\/eixsalelles.com\/ca\/utillajes\/","title":{"rendered":"UTILLATGES"},"content":{"rendered":"<p>En l'\u00e0mbit industrial, els utillatges tenen un paper fonamental, ja que s\u00f3n eines essencials tant per dur a terme tasques espec\u00edfiques com per funcionar com a complements de maquin\u00e0ria. La seva import\u00e0ncia rau en la capacitat d'optimitzar processos, millorar-ne la precisi\u00f3 i augmentar l'efici\u00e8ncia en una \u00e0mplia varietat d'operacions productives.<\/p>\n\n\n\n<p>El m\u00f3n dels utillatges a la ind\u00fastria \u00e9s extremadament divers i ofereix solucions adaptades a les necessitats de cada tasca. Els tipus d'utillatges que cal emprar depenen directament dels requeriments espec\u00edfics de cada proc\u00e9s, ja sigui en fabricaci\u00f3, assemblatge, mecanitzat, manteniment o altres \u00e0mbits. Des de components simples fins a sistemes complexos, els utillatges es dissenyen i fabriquen tenint en compte factors com la funcionalitat, la resist\u00e8ncia i la precisi\u00f3, assegurant que compleixin amb els objectius de producci\u00f3 de manera efica\u00e7.<\/p>\n\n\n\n<p>Projectes realitzats:<\/p>\n\n\n\n<p>Els utillatges d'amarratge subjecten la pe\u00e7a fermament per realitzar un proc\u00e9s d'arrencada de ferritja i donar una orientaci\u00f3 correcta a la pe\u00e7a.<\/p>\n\n\n\n<p>Els utillatges de control s\u00f3n instruments de mesurament utilitzats per verificar i assegurar la precisi\u00f3 de diferents components i processos. Aquestes eines s\u00f3n de vital import\u00e0ncia en diverses aplicacions industrials, ja que permeten garantir la qualitat i l'efici\u00e8ncia en la fabricaci\u00f3 de productes.<\/p>","protected":false},"excerpt":{"rendered":"<p>En el \u00e1mbito industrial, los utillajes desempe\u00f1an un papel fundamental, ya que son herramientas esenciales tanto para llevar a cabo tareas espec\u00edficas como para funcionar como complementos de maquinaria. Su importancia radica en la capacidad de optimizar procesos, mejorar la precisi\u00f3n y aumentar la eficiencia en una amplia variedad de operaciones productivas. El mundo de [&hellip;]<\/p>\n","protected":false},"author":1,"featured_media":0,"parent":0,"menu_order":0,"comment_status":"closed","ping_status":"closed","template":"","meta":{"footnotes":""},"class_list":["post-200","page","type-page","status-publish","hentry"],"yoast_head":"<!-- This site is optimized with the Yoast SEO plugin v27.4 - https:\/\/yoast.com\/product\/yoast-seo-wordpress\/ -->\n<title>UTILLAJES - Eix Salelles<\/title>\n<meta name=\"robots\" content=\"index, follow, max-snippet:-1, max-image-preview:large, max-video-preview:-1\" \/>\n<link rel=\"canonical\" href=\"https:\/\/eixsalelles.com\/ca\/utillajes\/\" \/>\n<meta property=\"og:locale\" content=\"ca_ES\" \/>\n<meta property=\"og:type\" content=\"article\" \/>\n<meta property=\"og:title\" content=\"UTILLAJES - Eix Salelles\" \/>\n<meta property=\"og:description\" content=\"En el \u00e1mbito industrial, los utillajes desempe\u00f1an un papel fundamental, ya que son herramientas esenciales tanto para llevar a cabo tareas espec\u00edficas como para funcionar como complementos de maquinaria. Su importancia radica en la capacidad de optimizar procesos, mejorar la precisi\u00f3n y aumentar la eficiencia en una amplia variedad de operaciones productivas. El mundo de [&hellip;]\" \/>\n<meta property=\"og:url\" content=\"https:\/\/eixsalelles.com\/ca\/utillajes\/\" \/>\n<meta property=\"og:site_name\" content=\"Eix Salelles\" \/>\n<meta property=\"article:modified_time\" content=\"2024-12-18T09:16:49+00:00\" \/>\n<meta name=\"twitter:card\" content=\"summary_large_image\" \/>\n<meta name=\"twitter:label1\" content=\"Temps estimat de lectura\" \/>\n\t<meta name=\"twitter:data1\" content=\"1 minut\" \/>\n<script type=\"application\/ld+json\" class=\"yoast-schema-graph\">{\"@context\":\"https:\\\/\\\/schema.org\",\"@graph\":[{\"@type\":\"WebPage\",\"@id\":\"https:\\\/\\\/eixsalelles.com\\\/utillajes\\\/\",\"url\":\"https:\\\/\\\/eixsalelles.com\\\/utillajes\\\/\",\"name\":\"UTILLAJES - Eix Salelles\",\"isPartOf\":{\"@id\":\"https:\\\/\\\/eixsalelles.com\\\/#website\"},\"datePublished\":\"2024-12-16T08:55:14+00:00\",\"dateModified\":\"2024-12-18T09:16:49+00:00\",\"breadcrumb\":{\"@id\":\"https:\\\/\\\/eixsalelles.com\\\/utillajes\\\/#breadcrumb\"},\"inLanguage\":\"ca\",\"potentialAction\":[{\"@type\":\"ReadAction\",\"target\":[\"https:\\\/\\\/eixsalelles.com\\\/utillajes\\\/\"]}]},{\"@type\":\"BreadcrumbList\",\"@id\":\"https:\\\/\\\/eixsalelles.com\\\/utillajes\\\/#breadcrumb\",\"itemListElement\":[{\"@type\":\"ListItem\",\"position\":1,\"name\":\"Portada\",\"item\":\"https:\\\/\\\/eixsalelles.com\\\/\"},{\"@type\":\"ListItem\",\"position\":2,\"name\":\"UTILLAJES\"}]},{\"@type\":\"WebSite\",\"@id\":\"https:\\\/\\\/eixsalelles.com\\\/#website\",\"url\":\"https:\\\/\\\/eixsalelles.com\\\/\",\"name\":\"Eix Salelles\",\"description\":\"Farreras i Ferran\",\"publisher\":{\"@id\":\"https:\\\/\\\/eixsalelles.com\\\/#organization\"},\"potentialAction\":[{\"@type\":\"SearchAction\",\"target\":{\"@type\":\"EntryPoint\",\"urlTemplate\":\"https:\\\/\\\/eixsalelles.com\\\/?s={search_term_string}\"},\"query-input\":{\"@type\":\"PropertyValueSpecification\",\"valueRequired\":true,\"valueName\":\"search_term_string\"}}],\"inLanguage\":\"ca\"},{\"@type\":\"Organization\",\"@id\":\"https:\\\/\\\/eixsalelles.com\\\/#organization\",\"name\":\"Eix Salelles\",\"url\":\"https:\\\/\\\/eixsalelles.com\\\/\",\"logo\":{\"@type\":\"ImageObject\",\"inLanguage\":\"ca\",\"@id\":\"https:\\\/\\\/eixsalelles.com\\\/#\\\/schema\\\/logo\\\/image\\\/\",\"url\":\"https:\\\/\\\/eixsalelles.com\\\/wp-content\\\/uploads\\\/2024\\\/11\\\/thumbnail.jpg\",\"contentUrl\":\"https:\\\/\\\/eixsalelles.com\\\/wp-content\\\/uploads\\\/2024\\\/11\\\/thumbnail.jpg\",\"width\":90,\"height\":48,\"caption\":\"Eix Salelles\"},\"image\":{\"@id\":\"https:\\\/\\\/eixsalelles.com\\\/#\\\/schema\\\/logo\\\/image\\\/\"}}]}<\/script>\n<!-- \/ Yoast SEO plugin. -->","yoast_head_json":{"title":"UTILLAJES - Eix Salelles","robots":{"index":"index","follow":"follow","max-snippet":"max-snippet:-1","max-image-preview":"max-image-preview:large","max-video-preview":"max-video-preview:-1"},"canonical":"https:\/\/eixsalelles.com\/ca\/utillajes\/","og_locale":"ca_ES","og_type":"article","og_title":"UTILLAJES - Eix Salelles","og_description":"En el \u00e1mbito industrial, los utillajes desempe\u00f1an un papel fundamental, ya que son herramientas esenciales tanto para llevar a cabo tareas espec\u00edficas como para funcionar como complementos de maquinaria. Su importancia radica en la capacidad de optimizar procesos, mejorar la precisi\u00f3n y aumentar la eficiencia en una amplia variedad de operaciones productivas. El mundo de [&hellip;]","og_url":"https:\/\/eixsalelles.com\/ca\/utillajes\/","og_site_name":"Eix Salelles","article_modified_time":"2024-12-18T09:16:49+00:00","twitter_card":"summary_large_image","twitter_misc":{"Temps estimat de lectura":"1 minut"},"schema":{"@context":"https:\/\/schema.org","@graph":[{"@type":"WebPage","@id":"https:\/\/eixsalelles.com\/utillajes\/","url":"https:\/\/eixsalelles.com\/utillajes\/","name":"UTILLAJES - Eix Salelles","isPartOf":{"@id":"https:\/\/eixsalelles.com\/#website"},"datePublished":"2024-12-16T08:55:14+00:00","dateModified":"2024-12-18T09:16:49+00:00","breadcrumb":{"@id":"https:\/\/eixsalelles.com\/utillajes\/#breadcrumb"},"inLanguage":"ca","potentialAction":[{"@type":"ReadAction","target":["https:\/\/eixsalelles.com\/utillajes\/"]}]},{"@type":"BreadcrumbList","@id":"https:\/\/eixsalelles.com\/utillajes\/#breadcrumb","itemListElement":[{"@type":"ListItem","position":1,"name":"Portada","item":"https:\/\/eixsalelles.com\/"},{"@type":"ListItem","position":2,"name":"UTILLAJES"}]},{"@type":"WebSite","@id":"https:\/\/eixsalelles.com\/#website","url":"https:\/\/eixsalelles.com\/","name":"Eix Salelles","description":"Farreras i Ferran","publisher":{"@id":"https:\/\/eixsalelles.com\/#organization"},"potentialAction":[{"@type":"SearchAction","target":{"@type":"EntryPoint","urlTemplate":"https:\/\/eixsalelles.com\/?s={search_term_string}"},"query-input":{"@type":"PropertyValueSpecification","valueRequired":true,"valueName":"search_term_string"}}],"inLanguage":"ca"},{"@type":"Organization","@id":"https:\/\/eixsalelles.com\/#organization","name":"Eix Salelles","url":"https:\/\/eixsalelles.com\/","logo":{"@type":"ImageObject","inLanguage":"ca","@id":"https:\/\/eixsalelles.com\/#\/schema\/logo\/image\/","url":"https:\/\/eixsalelles.com\/wp-content\/uploads\/2024\/11\/thumbnail.jpg","contentUrl":"https:\/\/eixsalelles.com\/wp-content\/uploads\/2024\/11\/thumbnail.jpg","width":90,"height":48,"caption":"Eix Salelles"},"image":{"@id":"https:\/\/eixsalelles.com\/#\/schema\/logo\/image\/"}}]}},"_links":{"self":[{"href":"https:\/\/eixsalelles.com\/ca\/wp-json\/wp\/v2\/pages\/200","targetHints":{"allow":["GET"]}}],"collection":[{"href":"https:\/\/eixsalelles.com\/ca\/wp-json\/wp\/v2\/pages"}],"about":[{"href":"https:\/\/eixsalelles.com\/ca\/wp-json\/wp\/v2\/types\/page"}],"author":[{"embeddable":true,"href":"https:\/\/eixsalelles.com\/ca\/wp-json\/wp\/v2\/users\/1"}],"replies":[{"embeddable":true,"href":"https:\/\/eixsalelles.com\/ca\/wp-json\/wp\/v2\/comments?post=200"}],"version-history":[{"count":4,"href":"https:\/\/eixsalelles.com\/ca\/wp-json\/wp\/v2\/pages\/200\/revisions"}],"predecessor-version":[{"id":272,"href":"https:\/\/eixsalelles.com\/ca\/wp-json\/wp\/v2\/pages\/200\/revisions\/272"}],"wp:attachment":[{"href":"https:\/\/eixsalelles.com\/ca\/wp-json\/wp\/v2\/media?parent=200"}],"curies":[{"name":"wp","href":"https:\/\/api.w.org\/{rel}","templated":true}]}}