{"id":202,"date":"2024-12-16T09:55:46","date_gmt":"2024-12-16T08:55:46","guid":{"rendered":"https:\/\/eixsalelles.com\/?page_id=202"},"modified":"2024-12-17T09:40:16","modified_gmt":"2024-12-17T08:40:16","slug":"soldaduras","status":"publish","type":"page","link":"https:\/\/eixsalelles.com\/ca\/soldaduras\/","title":{"rendered":"SOLDADURES"},"content":{"rendered":"<p>Oferim una \u00e0mplia gamma de serveis de soldadura, adaptats a les necessitats espec\u00edfiques de cada client i projecte.<\/p>\n\n\n\n<p>Entre les nostres capacitats, disposem d'equips de soldadura TIG, ideals per dur a terme feines d'alta precisi\u00f3 a la uni\u00f3 de dues o m\u00e9s peces met\u00e0l\u00b7liques. Aquest tipus de soldadura t\u00e8cnica permet fer connexions s\u00f2lides i duradores. A m\u00e9s, utilitzem la soldadura TIG per realitzar aportacions de material bonificat, un procediment clau en la recuperaci\u00f3 i reparaci\u00f3 de matrius de tall, estenent-ne la vida \u00fatil i mantenint-ne la funcionalitat.<\/p>\n\n\n\n<p>Aix\u00ed mateix, comptem amb equips de soldadura MAG, dissenyats per a aplicacions estructurals i mecano-soldats. Aquest m\u00e8tode \u00e9s especialment adequat per a la creaci\u00f3 d'unions resistents en estructures met\u00e0l\u00b7liques i el farciment d'\u00e0rees on manca material, ja sigui degut a desgast, ruptures o necessitats espec\u00edfiques de disseny. La seva versatilitat el converteix en una opci\u00f3 ideal per a una varietat d'ind\u00fastries i aplicacions.<\/p>","protected":false},"excerpt":{"rendered":"<p>Ofrecemos una amplia gama de servicios de soldadura, adaptados a las necesidades espec\u00edficas de cada cliente y proyecto. Entre nuestras capacidades, disponemos de equipos de soldadura TIG, ideales para llevar a cabo trabajos de alta precisi\u00f3n en la uni\u00f3n de dos o m\u00e1s piezas met\u00e1licas. Este tipo de soldadura t\u00e9cnica permite realizar conexiones s\u00f3lidas y [&hellip;]<\/p>\n","protected":false},"author":1,"featured_media":0,"parent":0,"menu_order":0,"comment_status":"closed","ping_status":"closed","template":"","meta":{"footnotes":""},"class_list":["post-202","page","type-page","status-publish","hentry"],"yoast_head":"<!-- This site is optimized with the Yoast SEO plugin v27.4 - https:\/\/yoast.com\/product\/yoast-seo-wordpress\/ -->\n<title>SOLDADURAS - Eix Salelles<\/title>\n<meta name=\"robots\" content=\"index, follow, max-snippet:-1, max-image-preview:large, max-video-preview:-1\" \/>\n<link rel=\"canonical\" href=\"https:\/\/eixsalelles.com\/ca\/soldaduras\/\" \/>\n<meta property=\"og:locale\" content=\"ca_ES\" \/>\n<meta property=\"og:type\" content=\"article\" \/>\n<meta property=\"og:title\" content=\"SOLDADURAS - Eix Salelles\" \/>\n<meta property=\"og:description\" content=\"Ofrecemos una amplia gama de servicios de soldadura, adaptados a las necesidades espec\u00edficas de cada cliente y proyecto. Entre nuestras capacidades, disponemos de equipos de soldadura TIG, ideales para llevar a cabo trabajos de alta precisi\u00f3n en la uni\u00f3n de dos o m\u00e1s piezas met\u00e1licas. Este tipo de soldadura t\u00e9cnica permite realizar conexiones s\u00f3lidas y [&hellip;]\" \/>\n<meta property=\"og:url\" content=\"https:\/\/eixsalelles.com\/ca\/soldaduras\/\" \/>\n<meta property=\"og:site_name\" content=\"Eix Salelles\" \/>\n<meta property=\"article:modified_time\" content=\"2024-12-17T08:40:16+00:00\" \/>\n<meta name=\"twitter:card\" content=\"summary_large_image\" \/>\n<meta name=\"twitter:label1\" content=\"Temps estimat de lectura\" \/>\n\t<meta name=\"twitter:data1\" content=\"1 minut\" \/>\n<script type=\"application\/ld+json\" class=\"yoast-schema-graph\">{\"@context\":\"https:\\\/\\\/schema.org\",\"@graph\":[{\"@type\":\"WebPage\",\"@id\":\"https:\\\/\\\/eixsalelles.com\\\/soldaduras\\\/\",\"url\":\"https:\\\/\\\/eixsalelles.com\\\/soldaduras\\\/\",\"name\":\"SOLDADURAS - Eix Salelles\",\"isPartOf\":{\"@id\":\"https:\\\/\\\/eixsalelles.com\\\/#website\"},\"datePublished\":\"2024-12-16T08:55:46+00:00\",\"dateModified\":\"2024-12-17T08:40:16+00:00\",\"breadcrumb\":{\"@id\":\"https:\\\/\\\/eixsalelles.com\\\/soldaduras\\\/#breadcrumb\"},\"inLanguage\":\"ca\",\"potentialAction\":[{\"@type\":\"ReadAction\",\"target\":[\"https:\\\/\\\/eixsalelles.com\\\/soldaduras\\\/\"]}]},{\"@type\":\"BreadcrumbList\",\"@id\":\"https:\\\/\\\/eixsalelles.com\\\/soldaduras\\\/#breadcrumb\",\"itemListElement\":[{\"@type\":\"ListItem\",\"position\":1,\"name\":\"Portada\",\"item\":\"https:\\\/\\\/eixsalelles.com\\\/\"},{\"@type\":\"ListItem\",\"position\":2,\"name\":\"SOLDADURAS\"}]},{\"@type\":\"WebSite\",\"@id\":\"https:\\\/\\\/eixsalelles.com\\\/#website\",\"url\":\"https:\\\/\\\/eixsalelles.com\\\/\",\"name\":\"Eix Salelles\",\"description\":\"Farreras i Ferran\",\"publisher\":{\"@id\":\"https:\\\/\\\/eixsalelles.com\\\/#organization\"},\"potentialAction\":[{\"@type\":\"SearchAction\",\"target\":{\"@type\":\"EntryPoint\",\"urlTemplate\":\"https:\\\/\\\/eixsalelles.com\\\/?s={search_term_string}\"},\"query-input\":{\"@type\":\"PropertyValueSpecification\",\"valueRequired\":true,\"valueName\":\"search_term_string\"}}],\"inLanguage\":\"ca\"},{\"@type\":\"Organization\",\"@id\":\"https:\\\/\\\/eixsalelles.com\\\/#organization\",\"name\":\"Eix Salelles\",\"url\":\"https:\\\/\\\/eixsalelles.com\\\/\",\"logo\":{\"@type\":\"ImageObject\",\"inLanguage\":\"ca\",\"@id\":\"https:\\\/\\\/eixsalelles.com\\\/#\\\/schema\\\/logo\\\/image\\\/\",\"url\":\"https:\\\/\\\/eixsalelles.com\\\/wp-content\\\/uploads\\\/2024\\\/11\\\/thumbnail.jpg\",\"contentUrl\":\"https:\\\/\\\/eixsalelles.com\\\/wp-content\\\/uploads\\\/2024\\\/11\\\/thumbnail.jpg\",\"width\":90,\"height\":48,\"caption\":\"Eix Salelles\"},\"image\":{\"@id\":\"https:\\\/\\\/eixsalelles.com\\\/#\\\/schema\\\/logo\\\/image\\\/\"}}]}<\/script>\n<!-- \/ Yoast SEO plugin. -->","yoast_head_json":{"title":"SOLDADURAS - Eix Salelles","robots":{"index":"index","follow":"follow","max-snippet":"max-snippet:-1","max-image-preview":"max-image-preview:large","max-video-preview":"max-video-preview:-1"},"canonical":"https:\/\/eixsalelles.com\/ca\/soldaduras\/","og_locale":"ca_ES","og_type":"article","og_title":"SOLDADURAS - Eix Salelles","og_description":"Ofrecemos una amplia gama de servicios de soldadura, adaptados a las necesidades espec\u00edficas de cada cliente y proyecto. Entre nuestras capacidades, disponemos de equipos de soldadura TIG, ideales para llevar a cabo trabajos de alta precisi\u00f3n en la uni\u00f3n de dos o m\u00e1s piezas met\u00e1licas. Este tipo de soldadura t\u00e9cnica permite realizar conexiones s\u00f3lidas y [&hellip;]","og_url":"https:\/\/eixsalelles.com\/ca\/soldaduras\/","og_site_name":"Eix Salelles","article_modified_time":"2024-12-17T08:40:16+00:00","twitter_card":"summary_large_image","twitter_misc":{"Temps estimat de lectura":"1 minut"},"schema":{"@context":"https:\/\/schema.org","@graph":[{"@type":"WebPage","@id":"https:\/\/eixsalelles.com\/soldaduras\/","url":"https:\/\/eixsalelles.com\/soldaduras\/","name":"SOLDADURAS - Eix Salelles","isPartOf":{"@id":"https:\/\/eixsalelles.com\/#website"},"datePublished":"2024-12-16T08:55:46+00:00","dateModified":"2024-12-17T08:40:16+00:00","breadcrumb":{"@id":"https:\/\/eixsalelles.com\/soldaduras\/#breadcrumb"},"inLanguage":"ca","potentialAction":[{"@type":"ReadAction","target":["https:\/\/eixsalelles.com\/soldaduras\/"]}]},{"@type":"BreadcrumbList","@id":"https:\/\/eixsalelles.com\/soldaduras\/#breadcrumb","itemListElement":[{"@type":"ListItem","position":1,"name":"Portada","item":"https:\/\/eixsalelles.com\/"},{"@type":"ListItem","position":2,"name":"SOLDADURAS"}]},{"@type":"WebSite","@id":"https:\/\/eixsalelles.com\/#website","url":"https:\/\/eixsalelles.com\/","name":"Eix Salelles","description":"Farreras i Ferran","publisher":{"@id":"https:\/\/eixsalelles.com\/#organization"},"potentialAction":[{"@type":"SearchAction","target":{"@type":"EntryPoint","urlTemplate":"https:\/\/eixsalelles.com\/?s={search_term_string}"},"query-input":{"@type":"PropertyValueSpecification","valueRequired":true,"valueName":"search_term_string"}}],"inLanguage":"ca"},{"@type":"Organization","@id":"https:\/\/eixsalelles.com\/#organization","name":"Eix Salelles","url":"https:\/\/eixsalelles.com\/","logo":{"@type":"ImageObject","inLanguage":"ca","@id":"https:\/\/eixsalelles.com\/#\/schema\/logo\/image\/","url":"https:\/\/eixsalelles.com\/wp-content\/uploads\/2024\/11\/thumbnail.jpg","contentUrl":"https:\/\/eixsalelles.com\/wp-content\/uploads\/2024\/11\/thumbnail.jpg","width":90,"height":48,"caption":"Eix Salelles"},"image":{"@id":"https:\/\/eixsalelles.com\/#\/schema\/logo\/image\/"}}]}},"_links":{"self":[{"href":"https:\/\/eixsalelles.com\/ca\/wp-json\/wp\/v2\/pages\/202","targetHints":{"allow":["GET"]}}],"collection":[{"href":"https:\/\/eixsalelles.com\/ca\/wp-json\/wp\/v2\/pages"}],"about":[{"href":"https:\/\/eixsalelles.com\/ca\/wp-json\/wp\/v2\/types\/page"}],"author":[{"embeddable":true,"href":"https:\/\/eixsalelles.com\/ca\/wp-json\/wp\/v2\/users\/1"}],"replies":[{"embeddable":true,"href":"https:\/\/eixsalelles.com\/ca\/wp-json\/wp\/v2\/comments?post=202"}],"version-history":[{"count":4,"href":"https:\/\/eixsalelles.com\/ca\/wp-json\/wp\/v2\/pages\/202\/revisions"}],"predecessor-version":[{"id":267,"href":"https:\/\/eixsalelles.com\/ca\/wp-json\/wp\/v2\/pages\/202\/revisions\/267"}],"wp:attachment":[{"href":"https:\/\/eixsalelles.com\/ca\/wp-json\/wp\/v2\/media?parent=202"}],"curies":[{"name":"wp","href":"https:\/\/api.w.org\/{rel}","templated":true}]}}