{"id":204,"date":"2024-12-16T09:56:07","date_gmt":"2024-12-16T08:56:07","guid":{"rendered":"https:\/\/eixsalelles.com\/?page_id=204"},"modified":"2024-12-17T09:40:32","modified_gmt":"2024-12-17T08:40:32","slug":"grabados-laser","status":"publish","type":"page","link":"https:\/\/eixsalelles.com\/ca\/grabados-laser\/","title":{"rendered":"GRAVATS L\u00c0SER"},"content":{"rendered":"<p>Oferim serveis de marcatge de peces utilitzant tecnologia l\u00e0ser de darrera generaci\u00f3. Comptem amb una m\u00e0quina de fibra l\u00e0ser que permet fer gravats d'alta precisi\u00f3 en una \u00e0mplia varietat de peces met\u00e0l\u00b7liques, aix\u00ed com en alguns tipus de pl\u00e0stics. Aquesta t\u00e8cnica \u00e9s ideal per aconseguir marques duradores i detallades, que asseguren una identificaci\u00f3 correcta de les peces en qualsevol fase del proc\u00e9s productiu.<\/p>\n\n\n\n<p>Projectes realitzats:<\/p>","protected":false},"excerpt":{"rendered":"<p>Ofrecemos servicios de marcado de piezas utilizando tecnolog\u00eda l\u00e1ser de \u00faltima generaci\u00f3n. Contamos con una m\u00e1quina de fibra l\u00e1ser que permite realizar grabados de alta precisi\u00f3n en una amplia variedad de piezas met\u00e1licas, as\u00ed como en algunos tipos de pl\u00e1sticos. Esta t\u00e9cnica es ideal para conseguir marcas duraderas y detalladas, que aseguran una correcta identificaci\u00f3n [&hellip;]<\/p>\n","protected":false},"author":1,"featured_media":0,"parent":0,"menu_order":0,"comment_status":"closed","ping_status":"closed","template":"","meta":{"footnotes":""},"class_list":["post-204","page","type-page","status-publish","hentry"],"yoast_head":"<!-- This site is optimized with the Yoast SEO plugin v27.4 - https:\/\/yoast.com\/product\/yoast-seo-wordpress\/ -->\n<title>GRABADOS L\u00c1SER - Eix Salelles<\/title>\n<meta name=\"robots\" content=\"index, follow, max-snippet:-1, max-image-preview:large, max-video-preview:-1\" \/>\n<link rel=\"canonical\" href=\"https:\/\/eixsalelles.com\/ca\/grabados-laser\/\" \/>\n<meta property=\"og:locale\" content=\"ca_ES\" \/>\n<meta property=\"og:type\" content=\"article\" \/>\n<meta property=\"og:title\" content=\"GRABADOS L\u00c1SER - Eix Salelles\" \/>\n<meta property=\"og:description\" content=\"Ofrecemos servicios de marcado de piezas utilizando tecnolog\u00eda l\u00e1ser de \u00faltima generaci\u00f3n. Contamos con una m\u00e1quina de fibra l\u00e1ser que permite realizar grabados de alta precisi\u00f3n en una amplia variedad de piezas met\u00e1licas, as\u00ed como en algunos tipos de pl\u00e1sticos. Esta t\u00e9cnica es ideal para conseguir marcas duraderas y detalladas, que aseguran una correcta identificaci\u00f3n [&hellip;]\" \/>\n<meta property=\"og:url\" content=\"https:\/\/eixsalelles.com\/ca\/grabados-laser\/\" \/>\n<meta property=\"og:site_name\" content=\"Eix Salelles\" \/>\n<meta property=\"article:modified_time\" content=\"2024-12-17T08:40:32+00:00\" \/>\n<meta name=\"twitter:card\" content=\"summary_large_image\" \/>\n<meta name=\"twitter:label1\" content=\"Temps estimat de lectura\" \/>\n\t<meta name=\"twitter:data1\" content=\"1 minut\" \/>\n<script type=\"application\/ld+json\" class=\"yoast-schema-graph\">{\"@context\":\"https:\\\/\\\/schema.org\",\"@graph\":[{\"@type\":\"WebPage\",\"@id\":\"https:\\\/\\\/eixsalelles.com\\\/grabados-laser\\\/\",\"url\":\"https:\\\/\\\/eixsalelles.com\\\/grabados-laser\\\/\",\"name\":\"GRABADOS L\u00c1SER - Eix Salelles\",\"isPartOf\":{\"@id\":\"https:\\\/\\\/eixsalelles.com\\\/#website\"},\"datePublished\":\"2024-12-16T08:56:07+00:00\",\"dateModified\":\"2024-12-17T08:40:32+00:00\",\"breadcrumb\":{\"@id\":\"https:\\\/\\\/eixsalelles.com\\\/grabados-laser\\\/#breadcrumb\"},\"inLanguage\":\"ca\",\"potentialAction\":[{\"@type\":\"ReadAction\",\"target\":[\"https:\\\/\\\/eixsalelles.com\\\/grabados-laser\\\/\"]}]},{\"@type\":\"BreadcrumbList\",\"@id\":\"https:\\\/\\\/eixsalelles.com\\\/grabados-laser\\\/#breadcrumb\",\"itemListElement\":[{\"@type\":\"ListItem\",\"position\":1,\"name\":\"Portada\",\"item\":\"https:\\\/\\\/eixsalelles.com\\\/\"},{\"@type\":\"ListItem\",\"position\":2,\"name\":\"GRABADOS L\u00c1SER\"}]},{\"@type\":\"WebSite\",\"@id\":\"https:\\\/\\\/eixsalelles.com\\\/#website\",\"url\":\"https:\\\/\\\/eixsalelles.com\\\/\",\"name\":\"Eix Salelles\",\"description\":\"Farreras i Ferran\",\"publisher\":{\"@id\":\"https:\\\/\\\/eixsalelles.com\\\/#organization\"},\"potentialAction\":[{\"@type\":\"SearchAction\",\"target\":{\"@type\":\"EntryPoint\",\"urlTemplate\":\"https:\\\/\\\/eixsalelles.com\\\/?s={search_term_string}\"},\"query-input\":{\"@type\":\"PropertyValueSpecification\",\"valueRequired\":true,\"valueName\":\"search_term_string\"}}],\"inLanguage\":\"ca\"},{\"@type\":\"Organization\",\"@id\":\"https:\\\/\\\/eixsalelles.com\\\/#organization\",\"name\":\"Eix Salelles\",\"url\":\"https:\\\/\\\/eixsalelles.com\\\/\",\"logo\":{\"@type\":\"ImageObject\",\"inLanguage\":\"ca\",\"@id\":\"https:\\\/\\\/eixsalelles.com\\\/#\\\/schema\\\/logo\\\/image\\\/\",\"url\":\"https:\\\/\\\/eixsalelles.com\\\/wp-content\\\/uploads\\\/2024\\\/11\\\/thumbnail.jpg\",\"contentUrl\":\"https:\\\/\\\/eixsalelles.com\\\/wp-content\\\/uploads\\\/2024\\\/11\\\/thumbnail.jpg\",\"width\":90,\"height\":48,\"caption\":\"Eix Salelles\"},\"image\":{\"@id\":\"https:\\\/\\\/eixsalelles.com\\\/#\\\/schema\\\/logo\\\/image\\\/\"}}]}<\/script>\n<!-- \/ Yoast SEO plugin. -->","yoast_head_json":{"title":"GRABADOS L\u00c1SER - Eix Salelles","robots":{"index":"index","follow":"follow","max-snippet":"max-snippet:-1","max-image-preview":"max-image-preview:large","max-video-preview":"max-video-preview:-1"},"canonical":"https:\/\/eixsalelles.com\/ca\/grabados-laser\/","og_locale":"ca_ES","og_type":"article","og_title":"GRABADOS L\u00c1SER - Eix Salelles","og_description":"Ofrecemos servicios de marcado de piezas utilizando tecnolog\u00eda l\u00e1ser de \u00faltima generaci\u00f3n. Contamos con una m\u00e1quina de fibra l\u00e1ser que permite realizar grabados de alta precisi\u00f3n en una amplia variedad de piezas met\u00e1licas, as\u00ed como en algunos tipos de pl\u00e1sticos. Esta t\u00e9cnica es ideal para conseguir marcas duraderas y detalladas, que aseguran una correcta identificaci\u00f3n [&hellip;]","og_url":"https:\/\/eixsalelles.com\/ca\/grabados-laser\/","og_site_name":"Eix Salelles","article_modified_time":"2024-12-17T08:40:32+00:00","twitter_card":"summary_large_image","twitter_misc":{"Temps estimat de lectura":"1 minut"},"schema":{"@context":"https:\/\/schema.org","@graph":[{"@type":"WebPage","@id":"https:\/\/eixsalelles.com\/grabados-laser\/","url":"https:\/\/eixsalelles.com\/grabados-laser\/","name":"GRABADOS L\u00c1SER - Eix Salelles","isPartOf":{"@id":"https:\/\/eixsalelles.com\/#website"},"datePublished":"2024-12-16T08:56:07+00:00","dateModified":"2024-12-17T08:40:32+00:00","breadcrumb":{"@id":"https:\/\/eixsalelles.com\/grabados-laser\/#breadcrumb"},"inLanguage":"ca","potentialAction":[{"@type":"ReadAction","target":["https:\/\/eixsalelles.com\/grabados-laser\/"]}]},{"@type":"BreadcrumbList","@id":"https:\/\/eixsalelles.com\/grabados-laser\/#breadcrumb","itemListElement":[{"@type":"ListItem","position":1,"name":"Portada","item":"https:\/\/eixsalelles.com\/"},{"@type":"ListItem","position":2,"name":"GRABADOS L\u00c1SER"}]},{"@type":"WebSite","@id":"https:\/\/eixsalelles.com\/#website","url":"https:\/\/eixsalelles.com\/","name":"Eix Salelles","description":"Farreras i Ferran","publisher":{"@id":"https:\/\/eixsalelles.com\/#organization"},"potentialAction":[{"@type":"SearchAction","target":{"@type":"EntryPoint","urlTemplate":"https:\/\/eixsalelles.com\/?s={search_term_string}"},"query-input":{"@type":"PropertyValueSpecification","valueRequired":true,"valueName":"search_term_string"}}],"inLanguage":"ca"},{"@type":"Organization","@id":"https:\/\/eixsalelles.com\/#organization","name":"Eix Salelles","url":"https:\/\/eixsalelles.com\/","logo":{"@type":"ImageObject","inLanguage":"ca","@id":"https:\/\/eixsalelles.com\/#\/schema\/logo\/image\/","url":"https:\/\/eixsalelles.com\/wp-content\/uploads\/2024\/11\/thumbnail.jpg","contentUrl":"https:\/\/eixsalelles.com\/wp-content\/uploads\/2024\/11\/thumbnail.jpg","width":90,"height":48,"caption":"Eix Salelles"},"image":{"@id":"https:\/\/eixsalelles.com\/#\/schema\/logo\/image\/"}}]}},"_links":{"self":[{"href":"https:\/\/eixsalelles.com\/ca\/wp-json\/wp\/v2\/pages\/204","targetHints":{"allow":["GET"]}}],"collection":[{"href":"https:\/\/eixsalelles.com\/ca\/wp-json\/wp\/v2\/pages"}],"about":[{"href":"https:\/\/eixsalelles.com\/ca\/wp-json\/wp\/v2\/types\/page"}],"author":[{"embeddable":true,"href":"https:\/\/eixsalelles.com\/ca\/wp-json\/wp\/v2\/users\/1"}],"replies":[{"embeddable":true,"href":"https:\/\/eixsalelles.com\/ca\/wp-json\/wp\/v2\/comments?post=204"}],"version-history":[{"count":3,"href":"https:\/\/eixsalelles.com\/ca\/wp-json\/wp\/v2\/pages\/204\/revisions"}],"predecessor-version":[{"id":268,"href":"https:\/\/eixsalelles.com\/ca\/wp-json\/wp\/v2\/pages\/204\/revisions\/268"}],"wp:attachment":[{"href":"https:\/\/eixsalelles.com\/ca\/wp-json\/wp\/v2\/media?parent=204"}],"curies":[{"name":"wp","href":"https:\/\/api.w.org\/{rel}","templated":true}]}}