{"id":206,"date":"2024-12-16T09:56:31","date_gmt":"2024-12-16T08:56:31","guid":{"rendered":"https:\/\/eixsalelles.com\/?page_id=206"},"modified":"2024-12-18T10:25:50","modified_gmt":"2024-12-18T09:25:50","slug":"productos-en-serie","status":"publish","type":"page","link":"https:\/\/eixsalelles.com\/ca\/productos-en-serie\/","title":{"rendered":"PRODUCTES EN S\u00c8RIE"},"content":{"rendered":"<p><strong><u>Mecanitzat:<\/u><\/strong><\/p>\n\n\n\n<p>Comptem amb centres de mecanitzat per a produccions en s\u00e8rie mitjan\u00e7ant arrencada de ferritja. Un exemple seria mecanitzar les zones d\u02bbajust en peces de fosa. Oferim precisi\u00f3 i consist\u00e8ncia a cada pe\u00e7a fabricada.<\/p>\n\n\n\n<p><strong><u>Premsat:<\/u><\/strong><\/p>\n\n\n\n<p>Disposem de premsa amb alimentador per a la producci\u00f3 de peces seriades de forma autom\u00e0tica o cop a cop, assegurant efici\u00e8ncia i precisi\u00f3 en el proc\u00e9s.<\/p>\n\n\n\n<p><strong><u>Gravats:<\/u><\/strong><\/p>\n\n\n\n<p>Realitzem gravats d\u00b4alta precisi\u00f3 amb m\u00e0quina l\u00e0ser en s\u00e8ries de peces, garantint marques duradores i llegibles en metalls i pl\u00e0stics per a identificaci\u00f3 i tra\u00e7abilitat.<\/p>","protected":false},"excerpt":{"rendered":"<p>Mecanizado: Contamos con centros de mecanizado para producciones en serie mediante arranque de viruta. Un ejemplo seria mecanizar las zonas de ajuste en piezas de fundici\u00f3n. Ofrecemos precisi\u00f3n y consistencia en cada pieza fabricada. Prensado: Disponemos de prensa con alimentador para la producci\u00f3n de piezas seriadas de forma autom\u00e1tica o golpe a golpe, asegurando eficiencia [&hellip;]<\/p>\n","protected":false},"author":1,"featured_media":0,"parent":0,"menu_order":0,"comment_status":"closed","ping_status":"closed","template":"","meta":{"footnotes":""},"class_list":["post-206","page","type-page","status-publish","hentry"],"yoast_head":"<!-- This site is optimized with the Yoast SEO plugin v27.4 - https:\/\/yoast.com\/product\/yoast-seo-wordpress\/ -->\n<title>PRODUCTOS EN SERIE - Eix Salelles<\/title>\n<meta name=\"robots\" content=\"index, follow, max-snippet:-1, max-image-preview:large, max-video-preview:-1\" \/>\n<link rel=\"canonical\" href=\"https:\/\/eixsalelles.com\/ca\/productos-en-serie\/\" \/>\n<meta property=\"og:locale\" content=\"ca_ES\" \/>\n<meta property=\"og:type\" content=\"article\" \/>\n<meta property=\"og:title\" content=\"PRODUCTOS EN SERIE - Eix Salelles\" \/>\n<meta property=\"og:description\" content=\"Mecanizado: Contamos con centros de mecanizado para producciones en serie mediante arranque de viruta. Un ejemplo seria mecanizar las zonas de ajuste en piezas de fundici\u00f3n. Ofrecemos precisi\u00f3n y consistencia en cada pieza fabricada. Prensado: Disponemos de prensa con alimentador para la producci\u00f3n de piezas seriadas de forma autom\u00e1tica o golpe a golpe, asegurando eficiencia [&hellip;]\" \/>\n<meta property=\"og:url\" content=\"https:\/\/eixsalelles.com\/ca\/productos-en-serie\/\" \/>\n<meta property=\"og:site_name\" content=\"Eix Salelles\" \/>\n<meta property=\"article:modified_time\" content=\"2024-12-18T09:25:50+00:00\" \/>\n<meta name=\"twitter:card\" content=\"summary_large_image\" \/>\n<meta name=\"twitter:label1\" content=\"Temps estimat de lectura\" \/>\n\t<meta name=\"twitter:data1\" content=\"1 minut\" \/>\n<script type=\"application\/ld+json\" class=\"yoast-schema-graph\">{\"@context\":\"https:\\\/\\\/schema.org\",\"@graph\":[{\"@type\":\"WebPage\",\"@id\":\"https:\\\/\\\/eixsalelles.com\\\/productos-en-serie\\\/\",\"url\":\"https:\\\/\\\/eixsalelles.com\\\/productos-en-serie\\\/\",\"name\":\"PRODUCTOS EN SERIE - Eix Salelles\",\"isPartOf\":{\"@id\":\"https:\\\/\\\/eixsalelles.com\\\/#website\"},\"datePublished\":\"2024-12-16T08:56:31+00:00\",\"dateModified\":\"2024-12-18T09:25:50+00:00\",\"breadcrumb\":{\"@id\":\"https:\\\/\\\/eixsalelles.com\\\/productos-en-serie\\\/#breadcrumb\"},\"inLanguage\":\"ca\",\"potentialAction\":[{\"@type\":\"ReadAction\",\"target\":[\"https:\\\/\\\/eixsalelles.com\\\/productos-en-serie\\\/\"]}]},{\"@type\":\"BreadcrumbList\",\"@id\":\"https:\\\/\\\/eixsalelles.com\\\/productos-en-serie\\\/#breadcrumb\",\"itemListElement\":[{\"@type\":\"ListItem\",\"position\":1,\"name\":\"Portada\",\"item\":\"https:\\\/\\\/eixsalelles.com\\\/\"},{\"@type\":\"ListItem\",\"position\":2,\"name\":\"PRODUCTOS EN SERIE\"}]},{\"@type\":\"WebSite\",\"@id\":\"https:\\\/\\\/eixsalelles.com\\\/#website\",\"url\":\"https:\\\/\\\/eixsalelles.com\\\/\",\"name\":\"Eix Salelles\",\"description\":\"Farreras i Ferran\",\"publisher\":{\"@id\":\"https:\\\/\\\/eixsalelles.com\\\/#organization\"},\"potentialAction\":[{\"@type\":\"SearchAction\",\"target\":{\"@type\":\"EntryPoint\",\"urlTemplate\":\"https:\\\/\\\/eixsalelles.com\\\/?s={search_term_string}\"},\"query-input\":{\"@type\":\"PropertyValueSpecification\",\"valueRequired\":true,\"valueName\":\"search_term_string\"}}],\"inLanguage\":\"ca\"},{\"@type\":\"Organization\",\"@id\":\"https:\\\/\\\/eixsalelles.com\\\/#organization\",\"name\":\"Eix Salelles\",\"url\":\"https:\\\/\\\/eixsalelles.com\\\/\",\"logo\":{\"@type\":\"ImageObject\",\"inLanguage\":\"ca\",\"@id\":\"https:\\\/\\\/eixsalelles.com\\\/#\\\/schema\\\/logo\\\/image\\\/\",\"url\":\"https:\\\/\\\/eixsalelles.com\\\/wp-content\\\/uploads\\\/2024\\\/11\\\/thumbnail.jpg\",\"contentUrl\":\"https:\\\/\\\/eixsalelles.com\\\/wp-content\\\/uploads\\\/2024\\\/11\\\/thumbnail.jpg\",\"width\":90,\"height\":48,\"caption\":\"Eix Salelles\"},\"image\":{\"@id\":\"https:\\\/\\\/eixsalelles.com\\\/#\\\/schema\\\/logo\\\/image\\\/\"}}]}<\/script>\n<!-- \/ Yoast SEO plugin. -->","yoast_head_json":{"title":"PRODUCTOS EN SERIE - Eix Salelles","robots":{"index":"index","follow":"follow","max-snippet":"max-snippet:-1","max-image-preview":"max-image-preview:large","max-video-preview":"max-video-preview:-1"},"canonical":"https:\/\/eixsalelles.com\/ca\/productos-en-serie\/","og_locale":"ca_ES","og_type":"article","og_title":"PRODUCTOS EN SERIE - Eix Salelles","og_description":"Mecanizado: Contamos con centros de mecanizado para producciones en serie mediante arranque de viruta. Un ejemplo seria mecanizar las zonas de ajuste en piezas de fundici\u00f3n. Ofrecemos precisi\u00f3n y consistencia en cada pieza fabricada. Prensado: Disponemos de prensa con alimentador para la producci\u00f3n de piezas seriadas de forma autom\u00e1tica o golpe a golpe, asegurando eficiencia [&hellip;]","og_url":"https:\/\/eixsalelles.com\/ca\/productos-en-serie\/","og_site_name":"Eix Salelles","article_modified_time":"2024-12-18T09:25:50+00:00","twitter_card":"summary_large_image","twitter_misc":{"Temps estimat de lectura":"1 minut"},"schema":{"@context":"https:\/\/schema.org","@graph":[{"@type":"WebPage","@id":"https:\/\/eixsalelles.com\/productos-en-serie\/","url":"https:\/\/eixsalelles.com\/productos-en-serie\/","name":"PRODUCTOS EN SERIE - Eix Salelles","isPartOf":{"@id":"https:\/\/eixsalelles.com\/#website"},"datePublished":"2024-12-16T08:56:31+00:00","dateModified":"2024-12-18T09:25:50+00:00","breadcrumb":{"@id":"https:\/\/eixsalelles.com\/productos-en-serie\/#breadcrumb"},"inLanguage":"ca","potentialAction":[{"@type":"ReadAction","target":["https:\/\/eixsalelles.com\/productos-en-serie\/"]}]},{"@type":"BreadcrumbList","@id":"https:\/\/eixsalelles.com\/productos-en-serie\/#breadcrumb","itemListElement":[{"@type":"ListItem","position":1,"name":"Portada","item":"https:\/\/eixsalelles.com\/"},{"@type":"ListItem","position":2,"name":"PRODUCTOS EN SERIE"}]},{"@type":"WebSite","@id":"https:\/\/eixsalelles.com\/#website","url":"https:\/\/eixsalelles.com\/","name":"Eix Salelles","description":"Farreras i Ferran","publisher":{"@id":"https:\/\/eixsalelles.com\/#organization"},"potentialAction":[{"@type":"SearchAction","target":{"@type":"EntryPoint","urlTemplate":"https:\/\/eixsalelles.com\/?s={search_term_string}"},"query-input":{"@type":"PropertyValueSpecification","valueRequired":true,"valueName":"search_term_string"}}],"inLanguage":"ca"},{"@type":"Organization","@id":"https:\/\/eixsalelles.com\/#organization","name":"Eix Salelles","url":"https:\/\/eixsalelles.com\/","logo":{"@type":"ImageObject","inLanguage":"ca","@id":"https:\/\/eixsalelles.com\/#\/schema\/logo\/image\/","url":"https:\/\/eixsalelles.com\/wp-content\/uploads\/2024\/11\/thumbnail.jpg","contentUrl":"https:\/\/eixsalelles.com\/wp-content\/uploads\/2024\/11\/thumbnail.jpg","width":90,"height":48,"caption":"Eix Salelles"},"image":{"@id":"https:\/\/eixsalelles.com\/#\/schema\/logo\/image\/"}}]}},"_links":{"self":[{"href":"https:\/\/eixsalelles.com\/ca\/wp-json\/wp\/v2\/pages\/206","targetHints":{"allow":["GET"]}}],"collection":[{"href":"https:\/\/eixsalelles.com\/ca\/wp-json\/wp\/v2\/pages"}],"about":[{"href":"https:\/\/eixsalelles.com\/ca\/wp-json\/wp\/v2\/types\/page"}],"author":[{"embeddable":true,"href":"https:\/\/eixsalelles.com\/ca\/wp-json\/wp\/v2\/users\/1"}],"replies":[{"embeddable":true,"href":"https:\/\/eixsalelles.com\/ca\/wp-json\/wp\/v2\/comments?post=206"}],"version-history":[{"count":4,"href":"https:\/\/eixsalelles.com\/ca\/wp-json\/wp\/v2\/pages\/206\/revisions"}],"predecessor-version":[{"id":275,"href":"https:\/\/eixsalelles.com\/ca\/wp-json\/wp\/v2\/pages\/206\/revisions\/275"}],"wp:attachment":[{"href":"https:\/\/eixsalelles.com\/ca\/wp-json\/wp\/v2\/media?parent=206"}],"curies":[{"name":"wp","href":"https:\/\/api.w.org\/{rel}","templated":true}]}}